{"id":2478,"date":"2025-04-10T10:11:28","date_gmt":"2025-04-10T10:11:28","guid":{"rendered":"https:\/\/ardea-ambiente.com\/?page_id=2478"},"modified":"2025-04-10T10:15:36","modified_gmt":"2025-04-10T10:15:36","slug":"indicadores-biodiversidade","status":"publish","type":"page","link":"https:\/\/ardea-ambiente.com\/en\/indicadores-biodiversidade\/","title":{"rendered":"Indicadores Biodiversidade"},"content":{"rendered":"<div data-elementor-type=\"wp-page\" data-elementor-id=\"2478\" class=\"elementor elementor-2478\" data-elementor-settings=\"{&quot;ha_cmc_init_switcher&quot;:&quot;no&quot;}\">\n\t\t\t\t<div class=\"elementor-element elementor-element-2e6fa85 e-flex e-con-boxed e-con e-parent\" data-id=\"2e6fa85\" data-element_type=\"container\" data-e-type=\"container\" data-settings=\"{&quot;background_background&quot;:&quot;classic&quot;,&quot;_ha_eqh_enable&quot;:false}\">\n\t\t\t\t\t<div class=\"e-con-inner\">\n\t\t\t\t<div class=\"elementor-element elementor-element-ae8e69c elementor-widget elementor-widget-heading\" data-id=\"ae8e69c\" data-element_type=\"widget\" data-e-type=\"widget\" data-widget_type=\"heading.default\">\n\t\t\t\t<div class=\"elementor-widget-container\">\n\t\t\t\t\t<h1 class=\"elementor-heading-title elementor-size-default\">Indicadores Biodiversidade (BioGaia I e II &amp; Jer\u00f3nimo Martins)<\/h1>\t\t\t\t<\/div>\n\t\t\t\t<\/div>\n\t\t\t\t\t<\/div>\n\t\t\t\t<\/div>\n\t\t<div class=\"elementor-element elementor-element-52e1d22 e-flex e-con-boxed e-con e-parent\" data-id=\"52e1d22\" data-element_type=\"container\" data-e-type=\"container\" data-settings=\"{&quot;_ha_eqh_enable&quot;:false}\">\n\t\t\t\t\t<div class=\"e-con-inner\">\n\t\t\t\t<div class=\"elementor-element elementor-element-b8332f3 elementor-widget elementor-widget-text-editor\" data-id=\"b8332f3\" data-element_type=\"widget\" data-e-type=\"widget\" data-widget_type=\"text-editor.default\">\n\t\t\t\t<div class=\"elementor-widget-container\">\n\t\t\t\t\t\t\t\t\t<p class=\"font_8 wixui-rich-text__text\">Projetos de determina\u00e7\u00e3o de indicadores de biodiversidade urbana ou de sustentabilidade baseadas na fauna em \u00e1reas naturais ou agr\u00edcolas. Possibilitaram op\u00e7\u00f5es de gest\u00e3o estrat\u00e9gica das entidades tendo em considera\u00e7\u00e3o a manuten\u00e7\u00e3o e\/ou melhoria da biodiversidade e da qualidade ambiental dos locais alvo. Destacam-se o BioGaia visando determinar indicadores de biodiversidade baseados nos insetos nos espa\u00e7os naturais de Vila Nova de Gaia, e o trabalho realizado de consultoria t\u00e9cnica e cient\u00edfica para a elabora\u00e7\u00e3o de uma metodologia inovadora para a avalia\u00e7\u00e3o da sustentabilidade das pr\u00e1ticas agr\u00edcolas com parcerias com U.Porto (FCUP) e EACoimbra.<\/p>\t\t\t\t\t\t\t\t<\/div>\n\t\t\t\t<\/div>\n\t\t\t\t<div class=\"elementor-element elementor-element-8d4691c elementor-arrows-position-inside elementor-pagination-position-outside elementor-widget elementor-widget-image-carousel\" data-id=\"8d4691c\" data-element_type=\"widget\" data-e-type=\"widget\" data-settings=\"{&quot;slides_to_show&quot;:&quot;1&quot;,&quot;autoplay_speed&quot;:3500,&quot;effect&quot;:&quot;fade&quot;,&quot;navigation&quot;:&quot;both&quot;,&quot;autoplay&quot;:&quot;yes&quot;,&quot;pause_on_hover&quot;:&quot;yes&quot;,&quot;pause_on_interaction&quot;:&quot;yes&quot;,&quot;infinite&quot;:&quot;yes&quot;,&quot;speed&quot;:500}\" data-widget_type=\"image-carousel.default\">\n\t\t\t\t<div class=\"elementor-widget-container\">\n\t\t\t\t\t\t\t<div class=\"elementor-image-carousel-wrapper swiper\" role=\"region\" aria-roledescription=\"carousel\" aria-label=\"Image Carousel\" dir=\"ltr\">\n\t\t\t<div class=\"elementor-image-carousel swiper-wrapper\" aria-live=\"off\">\n\t\t\t\t\t\t\t\t<div class=\"swiper-slide\" role=\"group\" aria-roledescription=\"slide\" aria-label=\"1 of 10\"><figure class=\"swiper-slide-inner\"><img decoding=\"async\" class=\"swiper-slide-image\" src=\"https:\/\/ardea-ambiente.com\/wp-content\/uploads\/2025\/04\/img111-1024x682.jpg\" alt=\"img111\" \/><\/figure><\/div><div class=\"swiper-slide\" role=\"group\" aria-roledescription=\"slide\" aria-label=\"2 of 10\"><figure class=\"swiper-slide-inner\"><img decoding=\"async\" class=\"swiper-slide-image\" src=\"https:\/\/ardea-ambiente.com\/wp-content\/uploads\/2025\/04\/IMG_2023-1024x682.jpg\" alt=\"IMG_2023\" \/><\/figure><\/div><div class=\"swiper-slide\" role=\"group\" aria-roledescription=\"slide\" aria-label=\"3 of 10\"><figure class=\"swiper-slide-inner\"><img decoding=\"async\" class=\"swiper-slide-image\" src=\"https:\/\/ardea-ambiente.com\/wp-content\/uploads\/2025\/04\/IMG_2021-1024x682.jpg\" alt=\"IMG_2021\" \/><\/figure><\/div><div class=\"swiper-slide\" role=\"group\" aria-roledescription=\"slide\" aria-label=\"4 of 10\"><figure class=\"swiper-slide-inner\"><img decoding=\"async\" class=\"swiper-slide-image\" src=\"https:\/\/ardea-ambiente.com\/wp-content\/uploads\/2025\/04\/Maio2007-105-1024x682.jpg\" alt=\"Maio2007 105\" \/><\/figure><\/div><div class=\"swiper-slide\" role=\"group\" aria-roledescription=\"slide\" aria-label=\"5 of 10\"><figure class=\"swiper-slide-inner\"><img decoding=\"async\" class=\"swiper-slide-image\" src=\"https:\/\/ardea-ambiente.com\/wp-content\/uploads\/2025\/04\/Maio2007-009-1024x682.jpg\" alt=\"Maio2007 009\" \/><\/figure><\/div><div class=\"swiper-slide\" role=\"group\" aria-roledescription=\"slide\" aria-label=\"6 of 10\"><figure class=\"swiper-slide-inner\"><img decoding=\"async\" class=\"swiper-slide-image\" src=\"https:\/\/ardea-ambiente.com\/wp-content\/uploads\/2025\/04\/IMG_6526-1024x682.jpg\" alt=\"IMG_6526\" \/><\/figure><\/div><div class=\"swiper-slide\" role=\"group\" aria-roledescription=\"slide\" aria-label=\"7 of 10\"><figure class=\"swiper-slide-inner\"><img decoding=\"async\" class=\"swiper-slide-image\" src=\"https:\/\/ardea-ambiente.com\/wp-content\/uploads\/2025\/04\/IMG_6524-1024x682.jpg\" alt=\"IMG_6524\" \/><\/figure><\/div><div class=\"swiper-slide\" role=\"group\" aria-roledescription=\"slide\" aria-label=\"8 of 10\"><figure class=\"swiper-slide-inner\"><img decoding=\"async\" class=\"swiper-slide-image\" src=\"https:\/\/ardea-ambiente.com\/wp-content\/uploads\/2025\/04\/IMG_6519-1024x682.jpg\" alt=\"IMG_6519\" \/><\/figure><\/div><div class=\"swiper-slide\" role=\"group\" aria-roledescription=\"slide\" aria-label=\"9 of 10\"><figure class=\"swiper-slide-inner\"><img decoding=\"async\" class=\"swiper-slide-image\" src=\"https:\/\/ardea-ambiente.com\/wp-content\/uploads\/2025\/04\/IMG_2027-1024x682.jpg\" alt=\"IMG_2027\" \/><\/figure><\/div><div class=\"swiper-slide\" role=\"group\" aria-roledescription=\"slide\" aria-label=\"10 of 10\"><figure class=\"swiper-slide-inner\"><img decoding=\"async\" class=\"swiper-slide-image\" src=\"https:\/\/ardea-ambiente.com\/wp-content\/uploads\/2025\/04\/IMG_2025-1024x682.jpg\" alt=\"IMG_2025\" \/><\/figure><\/div>\t\t\t<\/div>\n\t\t\t\t\t\t\t\t\t\t\t\t<div class=\"elementor-swiper-button elementor-swiper-button-prev\" role=\"button\" tabindex=\"0\">\n\t\t\t\t\t\t<svg aria-hidden=\"true\" class=\"e-font-icon-svg e-eicon-chevron-left\" viewbox=\"0 0 1000 1000\" xmlns=\"http:\/\/www.w3.org\/2000\/svg\"><path d=\"M646 125C629 125 613 133 604 142L308 442C296 454 292 471 292 487 292 504 296 521 308 533L604 854C617 867 629 875 646 875 663 875 679 871 692 858 704 846 713 829 713 812 713 796 708 779 692 767L438 487 692 225C700 217 708 204 708 187 708 171 704 154 692 142 675 129 663 125 646 125Z\"><\/path><\/svg>\t\t\t\t\t<\/div>\n\t\t\t\t\t<div class=\"elementor-swiper-button elementor-swiper-button-next\" role=\"button\" tabindex=\"0\">\n\t\t\t\t\t\t<svg aria-hidden=\"true\" class=\"e-font-icon-svg e-eicon-chevron-right\" viewbox=\"0 0 1000 1000\" xmlns=\"http:\/\/www.w3.org\/2000\/svg\"><path d=\"M696 533C708 521 713 504 713 487 713 471 708 454 696 446L400 146C388 133 375 125 354 125 338 125 325 129 313 142 300 154 292 171 292 187 292 204 296 221 308 233L563 492 304 771C292 783 288 800 288 817 288 833 296 850 308 863 321 871 338 875 354 875 371 875 388 867 400 854L696 533Z\"><\/path><\/svg>\t\t\t\t\t<\/div>\n\t\t\t\t\n\t\t\t\t\t\t\t\t\t<div class=\"swiper-pagination\"><\/div>\n\t\t\t\t\t\t\t\t\t<\/div>\n\t\t\t\t\t\t<\/div>\n\t\t\t\t<\/div>\n\t\t\t\t\t<\/div>\n\t\t\t\t<\/div>\n\t\t<div class=\"elementor-element elementor-element-2d20521 e-con-full e-flex e-con e-parent\" data-id=\"2d20521\" data-element_type=\"container\" data-e-type=\"container\" data-settings=\"{&quot;_ha_eqh_enable&quot;:false}\">\n\t\t\t\t<div class=\"elementor-element elementor-element-cc6c364 elementor-arrows-position-inside elementor-pagination-position-outside elementor-widget elementor-widget-image-carousel\" data-id=\"cc6c364\" data-element_type=\"widget\" data-e-type=\"widget\" data-settings=\"{&quot;autoplay_speed&quot;:3500,&quot;image_spacing_custom&quot;:{&quot;unit&quot;:&quot;px&quot;,&quot;size&quot;:0,&quot;sizes&quot;:[]},&quot;navigation&quot;:&quot;both&quot;,&quot;autoplay&quot;:&quot;yes&quot;,&quot;pause_on_hover&quot;:&quot;yes&quot;,&quot;pause_on_interaction&quot;:&quot;yes&quot;,&quot;infinite&quot;:&quot;yes&quot;,&quot;speed&quot;:500,&quot;image_spacing_custom_tablet&quot;:{&quot;unit&quot;:&quot;px&quot;,&quot;size&quot;:&quot;&quot;,&quot;sizes&quot;:[]},&quot;image_spacing_custom_mobile&quot;:{&quot;unit&quot;:&quot;px&quot;,&quot;size&quot;:&quot;&quot;,&quot;sizes&quot;:[]}}\" data-widget_type=\"image-carousel.default\">\n\t\t\t\t<div class=\"elementor-widget-container\">\n\t\t\t\t\t\t\t<div class=\"elementor-image-carousel-wrapper swiper\" role=\"region\" aria-roledescription=\"carousel\" aria-label=\"Image Carousel\" dir=\"ltr\">\n\t\t\t<div class=\"elementor-image-carousel swiper-wrapper\" aria-live=\"off\">\n\t\t\t\t\t\t\t\t<div class=\"swiper-slide\" role=\"group\" aria-roledescription=\"slide\" aria-label=\"1 of 9\"><figure class=\"swiper-slide-inner\"><img decoding=\"async\" class=\"swiper-slide-image\" src=\"https:\/\/ardea-ambiente.com\/wp-content\/uploads\/2025\/03\/Percevejo-das-riscas.jpg\" alt=\"Percevejo-das-riscas\" \/><\/figure><\/div><div class=\"swiper-slide\" role=\"group\" aria-roledescription=\"slide\" aria-label=\"2 of 9\"><figure class=\"swiper-slide-inner\"><img decoding=\"async\" class=\"swiper-slide-image\" src=\"https:\/\/ardea-ambiente.com\/wp-content\/uploads\/2025\/03\/Maravilha.jpg\" alt=\"Maravilha\" \/><\/figure><\/div><div class=\"swiper-slide\" role=\"group\" aria-roledescription=\"slide\" aria-label=\"3 of 9\"><figure class=\"swiper-slide-inner\"><img decoding=\"async\" class=\"swiper-slide-image\" src=\"https:\/\/ardea-ambiente.com\/wp-content\/uploads\/2025\/03\/Malhadinha.jpg\" alt=\"Malhadinha\" \/><\/figure><\/div><div class=\"swiper-slide\" role=\"group\" aria-roledescription=\"slide\" aria-label=\"4 of 9\"><figure class=\"swiper-slide-inner\"><img decoding=\"async\" class=\"swiper-slide-image\" src=\"https:\/\/ardea-ambiente.com\/wp-content\/uploads\/2025\/03\/Licenideo.jpg\" alt=\"Licen\u00eddeo\" \/><\/figure><\/div><div class=\"swiper-slide\" role=\"group\" aria-roledescription=\"slide\" aria-label=\"5 of 9\"><figure class=\"swiper-slide-inner\"><img decoding=\"async\" class=\"swiper-slide-image\" src=\"https:\/\/ardea-ambiente.com\/wp-content\/uploads\/2025\/03\/Louva-a-deus.jpg\" alt=\"Louva-a-deus\" \/><\/figure><\/div><div class=\"swiper-slide\" role=\"group\" aria-roledescription=\"slide\" aria-label=\"6 of 9\"><figure class=\"swiper-slide-inner\"><img decoding=\"async\" class=\"swiper-slide-image\" src=\"https:\/\/ardea-ambiente.com\/wp-content\/uploads\/2025\/03\/Insectos-do-Genero-Bombus.jpg\" alt=\"Insectos do G\u00e9nero Bombus\" \/><\/figure><\/div><div class=\"swiper-slide\" role=\"group\" aria-roledescription=\"slide\" aria-label=\"7 of 9\"><figure class=\"swiper-slide-inner\"><img decoding=\"async\" class=\"swiper-slide-image\" src=\"https:\/\/ardea-ambiente.com\/wp-content\/uploads\/2025\/03\/Insecto-Ordem-Odonata.jpg\" alt=\"Insecto Ordem Odonata\" \/><\/figure><\/div><div class=\"swiper-slide\" role=\"group\" aria-roledescription=\"slide\" aria-label=\"8 of 9\"><figure class=\"swiper-slide-inner\"><img decoding=\"async\" class=\"swiper-slide-image\" src=\"https:\/\/ardea-ambiente.com\/wp-content\/uploads\/2025\/03\/Diptero.jpg\" alt=\"D\u00edptero\" \/><\/figure><\/div><div class=\"swiper-slide\" role=\"group\" aria-roledescription=\"slide\" aria-label=\"9 of 9\"><figure class=\"swiper-slide-inner\"><img decoding=\"async\" class=\"swiper-slide-image\" src=\"https:\/\/ardea-ambiente.com\/wp-content\/uploads\/2025\/03\/Borboleta-limao.jpg\" alt=\"Borboleta-lim\u00e3o\" \/><\/figure><\/div>\t\t\t<\/div>\n\t\t\t\t\t\t\t\t\t\t\t\t<div class=\"elementor-swiper-button elementor-swiper-button-prev\" role=\"button\" tabindex=\"0\">\n\t\t\t\t\t\t<svg aria-hidden=\"true\" class=\"e-font-icon-svg e-eicon-chevron-left\" viewbox=\"0 0 1000 1000\" xmlns=\"http:\/\/www.w3.org\/2000\/svg\"><path d=\"M646 125C629 125 613 133 604 142L308 442C296 454 292 471 292 487 292 504 296 521 308 533L604 854C617 867 629 875 646 875 663 875 679 871 692 858 704 846 713 829 713 812 713 796 708 779 692 767L438 487 692 225C700 217 708 204 708 187 708 171 704 154 692 142 675 129 663 125 646 125Z\"><\/path><\/svg>\t\t\t\t\t<\/div>\n\t\t\t\t\t<div class=\"elementor-swiper-button elementor-swiper-button-next\" role=\"button\" tabindex=\"0\">\n\t\t\t\t\t\t<svg aria-hidden=\"true\" class=\"e-font-icon-svg e-eicon-chevron-right\" viewbox=\"0 0 1000 1000\" xmlns=\"http:\/\/www.w3.org\/2000\/svg\"><path d=\"M696 533C708 521 713 504 713 487 713 471 708 454 696 446L400 146C388 133 375 125 354 125 338 125 325 129 313 142 300 154 292 171 292 187 292 204 296 221 308 233L563 492 304 771C292 783 288 800 288 817 288 833 296 850 308 863 321 871 338 875 354 875 371 875 388 867 400 854L696 533Z\"><\/path><\/svg>\t\t\t\t\t<\/div>\n\t\t\t\t\n\t\t\t\t\t\t\t\t\t<div class=\"swiper-pagination\"><\/div>\n\t\t\t\t\t\t\t\t\t<\/div>\n\t\t\t\t\t\t<\/div>\n\t\t\t\t<\/div>\n\t\t\t\t<\/div>\n\t\t\t\t<\/div>","protected":false},"excerpt":{"rendered":"<p>Indicadores Biodiversidade (BioGaia I e II &#038; Jer\u00f3nimo Martins) Projetos de determina\u00e7\u00e3o de indicadores de biodiversidade urbana ou de sustentabilidade [&hellip;]<\/p>","protected":false},"author":1,"featured_media":0,"parent":0,"menu_order":0,"comment_status":"closed","ping_status":"closed","template":"","meta":{"site-sidebar-layout":"no-sidebar","site-content-layout":"","ast-site-content-layout":"full-width-container","site-content-style":"default","site-sidebar-style":"default","ast-global-header-display":"","ast-banner-title-visibility":"","ast-main-header-display":"","ast-hfb-above-header-display":"","ast-hfb-below-header-display":"","ast-hfb-mobile-header-display":"","site-post-title":"disabled","ast-breadcrumbs-content":"","ast-featured-img":"disabled","footer-sml-layout":"","ast-disable-related-posts":"","theme-transparent-header-meta":"","adv-header-id-meta":"","stick-header-meta":"","header-above-stick-meta":"","header-main-stick-meta":"","header-below-stick-meta":"","astra-migrate-meta-layouts":"default","ast-page-background-enabled":"default","ast-page-background-meta":{"desktop":{"background-color":"var(--ast-global-color-4)","background-image":"","background-repeat":"repeat","background-position":"center center","background-size":"auto","background-attachment":"scroll","background-type":"","background-media":"","overlay-type":"","overlay-color":"","overlay-opacity":"","overlay-gradient":""},"tablet":{"background-color":"","background-image":"","background-repeat":"repeat","background-position":"center center","background-size":"auto","background-attachment":"scroll","background-type":"","background-media":"","overlay-type":"","overlay-color":"","overlay-opacity":"","overlay-gradient":""},"mobile":{"background-color":"","background-image":"","background-repeat":"repeat","background-position":"center center","background-size":"auto","background-attachment":"scroll","background-type":"","background-media":"","overlay-type":"","overlay-color":"","overlay-opacity":"","overlay-gradient":""}},"ast-content-background-meta":{"desktop":{"background-color":"var(--ast-global-color-5)","background-image":"","background-repeat":"repeat","background-position":"center center","background-size":"auto","background-attachment":"scroll","background-type":"","background-media":"","overlay-type":"","overlay-color":"","overlay-opacity":"","overlay-gradient":""},"tablet":{"background-color":"var(--ast-global-color-5)","background-image":"","background-repeat":"repeat","background-position":"center center","background-size":"auto","background-attachment":"scroll","background-type":"","background-media":"","overlay-type":"","overlay-color":"","overlay-opacity":"","overlay-gradient":""},"mobile":{"background-color":"var(--ast-global-color-5)","background-image":"","background-repeat":"repeat","background-position":"center center","background-size":"auto","background-attachment":"scroll","background-type":"","background-media":"","overlay-type":"","overlay-color":"","overlay-opacity":"","overlay-gradient":""}},"iawp_total_views":12,"footnotes":"","_links_to":"","_links_to_target":""},"class_list":["post-2478","page","type-page","status-publish","hentry"],"yoast_head":"<!-- This site is optimized with the Yoast SEO plugin v27.4 - https:\/\/yoast.com\/product\/yoast-seo-wordpress\/ -->\n<title>Indicadores Biodiversidade - Ardea<\/title>\n<meta name=\"robots\" content=\"index, follow, max-snippet:-1, max-image-preview:large, max-video-preview:-1\" \/>\n<link rel=\"canonical\" href=\"https:\/\/ardea-ambiente.com\/en\/indicadores-biodiversidade\/\" \/>\n<meta property=\"og:locale\" content=\"en_GB\" \/>\n<meta property=\"og:type\" content=\"article\" \/>\n<meta property=\"og:title\" content=\"Indicadores Biodiversidade - Ardea\" \/>\n<meta property=\"og:description\" content=\"Indicadores Biodiversidade (BioGaia I e II &#038; Jer\u00f3nimo Martins) Projetos de determina\u00e7\u00e3o de indicadores de biodiversidade urbana ou de sustentabilidade [&hellip;]\" \/>\n<meta property=\"og:url\" content=\"https:\/\/ardea-ambiente.com\/en\/indicadores-biodiversidade\/\" \/>\n<meta property=\"og:site_name\" content=\"Ardea\" \/>\n<meta property=\"article:publisher\" content=\"https:\/\/www.facebook.com\/people\/Ardea-Ambiente-e-Sustentabilidade\/61574974734690\/\" \/>\n<meta property=\"article:modified_time\" content=\"2025-04-10T10:15:36+00:00\" \/>\n<meta property=\"og:image\" content=\"http:\/\/ardea-ambiente.com\/wp-content\/uploads\/2025\/04\/img111-1024x682.jpg\" \/>\n<meta name=\"twitter:card\" content=\"summary_large_image\" \/>\n<meta name=\"twitter:label1\" content=\"Estimated reading time\" \/>\n\t<meta name=\"twitter:data1\" content=\"1 minute\" \/>\n<script type=\"application\/ld+json\" class=\"yoast-schema-graph\">{\"@context\":\"https:\\\/\\\/schema.org\",\"@graph\":[{\"@type\":\"WebPage\",\"@id\":\"https:\\\/\\\/ardea-ambiente.com\\\/indicadores-biodiversidade\\\/\",\"url\":\"https:\\\/\\\/ardea-ambiente.com\\\/indicadores-biodiversidade\\\/\",\"name\":\"Indicadores Biodiversidade - Ardea\",\"isPartOf\":{\"@id\":\"https:\\\/\\\/ardea-ambiente.com\\\/#website\"},\"primaryImageOfPage\":{\"@id\":\"https:\\\/\\\/ardea-ambiente.com\\\/indicadores-biodiversidade\\\/#primaryimage\"},\"image\":{\"@id\":\"https:\\\/\\\/ardea-ambiente.com\\\/indicadores-biodiversidade\\\/#primaryimage\"},\"thumbnailUrl\":\"http:\\\/\\\/ardea-ambiente.com\\\/wp-content\\\/uploads\\\/2025\\\/04\\\/img111-1024x682.jpg\",\"datePublished\":\"2025-04-10T10:11:28+00:00\",\"dateModified\":\"2025-04-10T10:15:36+00:00\",\"breadcrumb\":{\"@id\":\"https:\\\/\\\/ardea-ambiente.com\\\/indicadores-biodiversidade\\\/#breadcrumb\"},\"inLanguage\":\"en-GB\",\"potentialAction\":[{\"@type\":\"ReadAction\",\"target\":[\"https:\\\/\\\/ardea-ambiente.com\\\/indicadores-biodiversidade\\\/\"]}]},{\"@type\":\"ImageObject\",\"inLanguage\":\"en-GB\",\"@id\":\"https:\\\/\\\/ardea-ambiente.com\\\/indicadores-biodiversidade\\\/#primaryimage\",\"url\":\"http:\\\/\\\/ardea-ambiente.com\\\/wp-content\\\/uploads\\\/2025\\\/04\\\/img111-1024x682.jpg\",\"contentUrl\":\"http:\\\/\\\/ardea-ambiente.com\\\/wp-content\\\/uploads\\\/2025\\\/04\\\/img111-1024x682.jpg\"},{\"@type\":\"BreadcrumbList\",\"@id\":\"https:\\\/\\\/ardea-ambiente.com\\\/indicadores-biodiversidade\\\/#breadcrumb\",\"itemListElement\":[{\"@type\":\"ListItem\",\"position\":1,\"name\":\"In\u00edcio\",\"item\":\"https:\\\/\\\/ardea-ambiente.com\\\/\"},{\"@type\":\"ListItem\",\"position\":2,\"name\":\"Indicadores Biodiversidade\"}]},{\"@type\":\"WebSite\",\"@id\":\"https:\\\/\\\/ardea-ambiente.com\\\/#website\",\"url\":\"https:\\\/\\\/ardea-ambiente.com\\\/\",\"name\":\"Ardea - Ambiente e Sustentabilidade\",\"description\":\"Ambiente e Sustentabilidade\",\"publisher\":{\"@id\":\"https:\\\/\\\/ardea-ambiente.com\\\/#organization\"},\"potentialAction\":[{\"@type\":\"SearchAction\",\"target\":{\"@type\":\"EntryPoint\",\"urlTemplate\":\"https:\\\/\\\/ardea-ambiente.com\\\/?s={search_term_string}\"},\"query-input\":{\"@type\":\"PropertyValueSpecification\",\"valueRequired\":true,\"valueName\":\"search_term_string\"}}],\"inLanguage\":\"en-GB\"},{\"@type\":\"Organization\",\"@id\":\"https:\\\/\\\/ardea-ambiente.com\\\/#organization\",\"name\":\"Ardea - Ambiente e Sustentabilidade\",\"url\":\"https:\\\/\\\/ardea-ambiente.com\\\/\",\"logo\":{\"@type\":\"ImageObject\",\"inLanguage\":\"en-GB\",\"@id\":\"https:\\\/\\\/ardea-ambiente.com\\\/#\\\/schema\\\/logo\\\/image\\\/\",\"url\":\"http:\\\/\\\/ardea-ambiente.com\\\/wp-content\\\/uploads\\\/2025\\\/02\\\/logo_fundo_transparente.png\",\"contentUrl\":\"http:\\\/\\\/ardea-ambiente.com\\\/wp-content\\\/uploads\\\/2025\\\/02\\\/logo_fundo_transparente.png\",\"width\":4686,\"height\":3808,\"caption\":\"Ardea - Ambiente e Sustentabilidade\"},\"image\":{\"@id\":\"https:\\\/\\\/ardea-ambiente.com\\\/#\\\/schema\\\/logo\\\/image\\\/\"},\"sameAs\":[\"https:\\\/\\\/www.facebook.com\\\/people\\\/Ardea-Ambiente-e-Sustentabilidade\\\/61574974734690\\\/\",\"https:\\\/\\\/www.instagram.com\\\/ardea.ambiente\\\/\",\"https:\\\/\\\/www.linkedin.com\\\/in\\\/ardea-ambiente-e-sustentabilidade-93ba42359\\\/\"]}]}<\/script>\n<!-- \/ Yoast SEO plugin. -->","yoast_head_json":{"title":"Indicadores Biodiversidade - Ardea","robots":{"index":"index","follow":"follow","max-snippet":"max-snippet:-1","max-image-preview":"max-image-preview:large","max-video-preview":"max-video-preview:-1"},"canonical":"https:\/\/ardea-ambiente.com\/en\/indicadores-biodiversidade\/","og_locale":"en_GB","og_type":"article","og_title":"Indicadores Biodiversidade - Ardea","og_description":"Indicadores Biodiversidade (BioGaia I e II &#038; Jer\u00f3nimo Martins) Projetos de determina\u00e7\u00e3o de indicadores de biodiversidade urbana ou de sustentabilidade [&hellip;]","og_url":"https:\/\/ardea-ambiente.com\/en\/indicadores-biodiversidade\/","og_site_name":"Ardea","article_publisher":"https:\/\/www.facebook.com\/people\/Ardea-Ambiente-e-Sustentabilidade\/61574974734690\/","article_modified_time":"2025-04-10T10:15:36+00:00","og_image":[{"url":"http:\/\/ardea-ambiente.com\/wp-content\/uploads\/2025\/04\/img111-1024x682.jpg","type":"","width":"","height":""}],"twitter_card":"summary_large_image","twitter_misc":{"Estimated reading time":"1 minute"},"schema":{"@context":"https:\/\/schema.org","@graph":[{"@type":"WebPage","@id":"https:\/\/ardea-ambiente.com\/indicadores-biodiversidade\/","url":"https:\/\/ardea-ambiente.com\/indicadores-biodiversidade\/","name":"Indicadores Biodiversidade - Ardea","isPartOf":{"@id":"https:\/\/ardea-ambiente.com\/#website"},"primaryImageOfPage":{"@id":"https:\/\/ardea-ambiente.com\/indicadores-biodiversidade\/#primaryimage"},"image":{"@id":"https:\/\/ardea-ambiente.com\/indicadores-biodiversidade\/#primaryimage"},"thumbnailUrl":"http:\/\/ardea-ambiente.com\/wp-content\/uploads\/2025\/04\/img111-1024x682.jpg","datePublished":"2025-04-10T10:11:28+00:00","dateModified":"2025-04-10T10:15:36+00:00","breadcrumb":{"@id":"https:\/\/ardea-ambiente.com\/indicadores-biodiversidade\/#breadcrumb"},"inLanguage":"en-GB","potentialAction":[{"@type":"ReadAction","target":["https:\/\/ardea-ambiente.com\/indicadores-biodiversidade\/"]}]},{"@type":"ImageObject","inLanguage":"en-GB","@id":"https:\/\/ardea-ambiente.com\/indicadores-biodiversidade\/#primaryimage","url":"http:\/\/ardea-ambiente.com\/wp-content\/uploads\/2025\/04\/img111-1024x682.jpg","contentUrl":"http:\/\/ardea-ambiente.com\/wp-content\/uploads\/2025\/04\/img111-1024x682.jpg"},{"@type":"BreadcrumbList","@id":"https:\/\/ardea-ambiente.com\/indicadores-biodiversidade\/#breadcrumb","itemListElement":[{"@type":"ListItem","position":1,"name":"In\u00edcio","item":"https:\/\/ardea-ambiente.com\/"},{"@type":"ListItem","position":2,"name":"Indicadores Biodiversidade"}]},{"@type":"WebSite","@id":"https:\/\/ardea-ambiente.com\/#website","url":"https:\/\/ardea-ambiente.com\/","name":"Ardea - Ambiente e Sustentabilidade","description":"Ambiente e Sustentabilidade","publisher":{"@id":"https:\/\/ardea-ambiente.com\/#organization"},"potentialAction":[{"@type":"SearchAction","target":{"@type":"EntryPoint","urlTemplate":"https:\/\/ardea-ambiente.com\/?s={search_term_string}"},"query-input":{"@type":"PropertyValueSpecification","valueRequired":true,"valueName":"search_term_string"}}],"inLanguage":"en-GB"},{"@type":"Organization","@id":"https:\/\/ardea-ambiente.com\/#organization","name":"Ardea - Ambiente e Sustentabilidade","url":"https:\/\/ardea-ambiente.com\/","logo":{"@type":"ImageObject","inLanguage":"en-GB","@id":"https:\/\/ardea-ambiente.com\/#\/schema\/logo\/image\/","url":"http:\/\/ardea-ambiente.com\/wp-content\/uploads\/2025\/02\/logo_fundo_transparente.png","contentUrl":"http:\/\/ardea-ambiente.com\/wp-content\/uploads\/2025\/02\/logo_fundo_transparente.png","width":4686,"height":3808,"caption":"Ardea - Ambiente e Sustentabilidade"},"image":{"@id":"https:\/\/ardea-ambiente.com\/#\/schema\/logo\/image\/"},"sameAs":["https:\/\/www.facebook.com\/people\/Ardea-Ambiente-e-Sustentabilidade\/61574974734690\/","https:\/\/www.instagram.com\/ardea.ambiente\/","https:\/\/www.linkedin.com\/in\/ardea-ambiente-e-sustentabilidade-93ba42359\/"]}]}},"_links":{"self":[{"href":"https:\/\/ardea-ambiente.com\/en\/wp-json\/wp\/v2\/pages\/2478","targetHints":{"allow":["GET"]}}],"collection":[{"href":"https:\/\/ardea-ambiente.com\/en\/wp-json\/wp\/v2\/pages"}],"about":[{"href":"https:\/\/ardea-ambiente.com\/en\/wp-json\/wp\/v2\/types\/page"}],"author":[{"embeddable":true,"href":"https:\/\/ardea-ambiente.com\/en\/wp-json\/wp\/v2\/users\/1"}],"replies":[{"embeddable":true,"href":"https:\/\/ardea-ambiente.com\/en\/wp-json\/wp\/v2\/comments?post=2478"}],"version-history":[{"count":4,"href":"https:\/\/ardea-ambiente.com\/en\/wp-json\/wp\/v2\/pages\/2478\/revisions"}],"predecessor-version":[{"id":2483,"href":"https:\/\/ardea-ambiente.com\/en\/wp-json\/wp\/v2\/pages\/2478\/revisions\/2483"}],"wp:attachment":[{"href":"https:\/\/ardea-ambiente.com\/en\/wp-json\/wp\/v2\/media?parent=2478"}],"curies":[{"name":"wp","href":"https:\/\/api.w.org\/{rel}","templated":true}]}}