{"id":2415,"date":"2025-04-10T09:40:19","date_gmt":"2025-04-10T09:40:19","guid":{"rendered":"https:\/\/ardea-ambiente.com\/?page_id=2415"},"modified":"2025-04-10T09:46:20","modified_gmt":"2025-04-10T09:46:20","slug":"aquacria-grupo-seaeight","status":"publish","type":"page","link":"https:\/\/ardea-ambiente.com\/en\/aquacria-grupo-seaeight\/","title":{"rendered":"Aquacria \u2013 Grupo SEAEIGHT"},"content":{"rendered":"<div data-elementor-type=\"wp-page\" data-elementor-id=\"2415\" class=\"elementor elementor-2415\" data-elementor-settings=\"{&quot;ha_cmc_init_switcher&quot;:&quot;no&quot;}\">\n\t\t\t\t<div class=\"elementor-element elementor-element-2e6fa85 e-flex e-con-boxed e-con e-parent\" data-id=\"2e6fa85\" data-element_type=\"container\" data-e-type=\"container\" data-settings=\"{&quot;background_background&quot;:&quot;classic&quot;,&quot;_ha_eqh_enable&quot;:false}\">\n\t\t\t\t\t<div class=\"e-con-inner\">\n\t\t\t\t<div class=\"elementor-element elementor-element-ae8e69c elementor-widget elementor-widget-heading\" data-id=\"ae8e69c\" data-element_type=\"widget\" data-e-type=\"widget\" data-widget_type=\"heading.default\">\n\t\t\t\t<div class=\"elementor-widget-container\">\n\t\t\t\t\t<h1 class=\"elementor-heading-title elementor-size-default\">Aquacria \u2013 Grupo SEAEIGHT<\/h1>\t\t\t\t<\/div>\n\t\t\t\t<\/div>\n\t\t\t\t\t<\/div>\n\t\t\t\t<\/div>\n\t\t<div class=\"elementor-element elementor-element-52e1d22 e-flex e-con-boxed e-con e-parent\" data-id=\"52e1d22\" data-element_type=\"container\" data-e-type=\"container\" data-settings=\"{&quot;_ha_eqh_enable&quot;:false}\">\n\t\t\t\t\t<div class=\"e-con-inner\">\n\t\t\t\t<div class=\"elementor-element elementor-element-b8332f3 elementor-widget elementor-widget-text-editor\" data-id=\"b8332f3\" data-element_type=\"widget\" data-e-type=\"widget\" data-widget_type=\"text-editor.default\">\n\t\t\t\t<div class=\"elementor-widget-container\">\n\t\t\t\t\t\t\t\t\t<p class=\"font_8 wixui-rich-text__text\">Elabora\u00e7\u00e3o de consultoria ambiental corporizada em trabalhos no \u00e2mbito da Legisla\u00e7\u00e3o Ambiental, nomeadamente com realiza\u00e7\u00e3o de um EIA das instala\u00e7\u00f5es do grupo na Murtosa, pareceres diversos, constituindo de certa forma o departamento de ambiente do grupo em Portugal. \u00c9 o maior produtor mundial de linguado em aquacultura sendo a SEAEIGHT parte do grupo espanhol Altitlan.<\/p>\t\t\t\t\t\t\t\t<\/div>\n\t\t\t\t<\/div>\n\t\t\t\t<div class=\"elementor-element elementor-element-dc1bda5 elementor-icon-list--layout-traditional elementor-list-item-link-full_width elementor-widget elementor-widget-icon-list\" data-id=\"dc1bda5\" data-element_type=\"widget\" data-e-type=\"widget\" data-widget_type=\"icon-list.default\">\n\t\t\t\t<div class=\"elementor-widget-container\">\n\t\t\t\t\t\t\t<ul class=\"elementor-icon-list-items\">\n\t\t\t\t\t\t\t<li class=\"elementor-icon-list-item\">\n\t\t\t\t\t\t\t\t\t\t\t<a href=\"https:\/\/atitlan.es\/pt-pt\/empresas\/\">\n\n\t\t\t\t\t\t\t\t\t\t\t\t<span class=\"elementor-icon-list-icon\">\n\t\t\t\t\t\t\t<svg aria-hidden=\"true\" class=\"e-font-icon-svg e-fas-link\" viewbox=\"0 0 512 512\" xmlns=\"http:\/\/www.w3.org\/2000\/svg\"><path d=\"M326.612 185.391c59.747 59.809 58.927 155.698.36 214.59-.11.12-.24.25-.36.37l-67.2 67.2c-59.27 59.27-155.699 59.262-214.96 0-59.27-59.26-59.27-155.7 0-214.96l37.106-37.106c9.84-9.84 26.786-3.3 27.294 10.606.648 17.722 3.826 35.527 9.69 52.721 1.986 5.822.567 12.262-3.783 16.612l-13.087 13.087c-28.026 28.026-28.905 73.66-1.155 101.96 28.024 28.579 74.086 28.749 102.325.51l67.2-67.19c28.191-28.191 28.073-73.757 0-101.83-3.701-3.694-7.429-6.564-10.341-8.569a16.037 16.037 0 0 1-6.947-12.606c-.396-10.567 3.348-21.456 11.698-29.806l21.054-21.055c5.521-5.521 14.182-6.199 20.584-1.731a152.482 152.482 0 0 1 20.522 17.197zM467.547 44.449c-59.261-59.262-155.69-59.27-214.96 0l-67.2 67.2c-.12.12-.25.25-.36.37-58.566 58.892-59.387 154.781.36 214.59a152.454 152.454 0 0 0 20.521 17.196c6.402 4.468 15.064 3.789 20.584-1.731l21.054-21.055c8.35-8.35 12.094-19.239 11.698-29.806a16.037 16.037 0 0 0-6.947-12.606c-2.912-2.005-6.64-4.875-10.341-8.569-28.073-28.073-28.191-73.639 0-101.83l67.2-67.19c28.239-28.239 74.3-28.069 102.325.51 27.75 28.3 26.872 73.934-1.155 101.96l-13.087 13.087c-4.35 4.35-5.769 10.79-3.783 16.612 5.864 17.194 9.042 34.999 9.69 52.721.509 13.906 17.454 20.446 27.294 10.606l37.106-37.106c59.271-59.259 59.271-155.699.001-214.959z\"><\/path><\/svg>\t\t\t\t\t\t<\/span>\n\t\t\t\t\t\t\t\t\t\t<span class=\"elementor-icon-list-text\">Website<\/span>\n\t\t\t\t\t\t\t\t\t\t\t<\/a>\n\t\t\t\t\t\t\t\t\t<\/li>\n\t\t\t\t\t\t<\/ul>\n\t\t\t\t\t\t<\/div>\n\t\t\t\t<\/div>\n\t\t\t\t<div class=\"elementor-element elementor-element-8d4691c elementor-arrows-position-inside elementor-pagination-position-outside elementor-widget elementor-widget-image-carousel\" data-id=\"8d4691c\" data-element_type=\"widget\" data-e-type=\"widget\" data-settings=\"{&quot;slides_to_show&quot;:&quot;1&quot;,&quot;autoplay_speed&quot;:3500,&quot;effect&quot;:&quot;fade&quot;,&quot;navigation&quot;:&quot;both&quot;,&quot;autoplay&quot;:&quot;yes&quot;,&quot;pause_on_hover&quot;:&quot;yes&quot;,&quot;pause_on_interaction&quot;:&quot;yes&quot;,&quot;infinite&quot;:&quot;yes&quot;,&quot;speed&quot;:500}\" data-widget_type=\"image-carousel.default\">\n\t\t\t\t<div class=\"elementor-widget-container\">\n\t\t\t\t\t\t\t<div class=\"elementor-image-carousel-wrapper swiper\" role=\"region\" aria-roledescription=\"carousel\" aria-label=\"Image Carousel\" dir=\"ltr\">\n\t\t\t<div class=\"elementor-image-carousel swiper-wrapper\" aria-live=\"off\">\n\t\t\t\t\t\t\t\t<div class=\"swiper-slide\" role=\"group\" aria-roledescription=\"slide\" aria-label=\"1 of 7\"><figure class=\"swiper-slide-inner\"><img decoding=\"async\" class=\"swiper-slide-image\" src=\"https:\/\/ardea-ambiente.com\/wp-content\/uploads\/2025\/04\/IMG_8382-1024x682.jpg\" alt=\"IMG_8382\" \/><\/figure><\/div><div class=\"swiper-slide\" role=\"group\" aria-roledescription=\"slide\" aria-label=\"2 of 7\"><figure class=\"swiper-slide-inner\"><img decoding=\"async\" class=\"swiper-slide-image\" src=\"https:\/\/ardea-ambiente.com\/wp-content\/uploads\/2025\/04\/IMG_2425-1024x682.jpg\" alt=\"IMG_2425\" \/><\/figure><\/div><div class=\"swiper-slide\" role=\"group\" aria-roledescription=\"slide\" aria-label=\"3 of 7\"><figure class=\"swiper-slide-inner\"><img decoding=\"async\" class=\"swiper-slide-image\" src=\"https:\/\/ardea-ambiente.com\/wp-content\/uploads\/2025\/04\/IMG_8199-1024x682.jpg\" alt=\"IMG_8199\" \/><\/figure><\/div><div class=\"swiper-slide\" role=\"group\" aria-roledescription=\"slide\" aria-label=\"4 of 7\"><figure class=\"swiper-slide-inner\"><img decoding=\"async\" class=\"swiper-slide-image\" src=\"https:\/\/ardea-ambiente.com\/wp-content\/uploads\/2025\/04\/IMG_8206-1024x682.jpg\" alt=\"IMG_8206\" \/><\/figure><\/div><div class=\"swiper-slide\" role=\"group\" aria-roledescription=\"slide\" aria-label=\"5 of 7\"><figure class=\"swiper-slide-inner\"><img decoding=\"async\" class=\"swiper-slide-image\" src=\"https:\/\/ardea-ambiente.com\/wp-content\/uploads\/2025\/04\/IMG_8194-1024x682.jpg\" alt=\"IMG_8194\" \/><\/figure><\/div><div class=\"swiper-slide\" role=\"group\" aria-roledescription=\"slide\" aria-label=\"6 of 7\"><figure class=\"swiper-slide-inner\"><img decoding=\"async\" class=\"swiper-slide-image\" src=\"https:\/\/ardea-ambiente.com\/wp-content\/uploads\/2025\/04\/IMG_6829-1024x682.jpg\" alt=\"IMG_6829\" \/><\/figure><\/div><div class=\"swiper-slide\" role=\"group\" aria-roledescription=\"slide\" aria-label=\"7 of 7\"><figure class=\"swiper-slide-inner\"><img decoding=\"async\" class=\"swiper-slide-image\" src=\"https:\/\/ardea-ambiente.com\/wp-content\/uploads\/2025\/04\/IMG_2452-1024x682.jpg\" alt=\"IMG_2452\" \/><\/figure><\/div>\t\t\t<\/div>\n\t\t\t\t\t\t\t\t\t\t\t\t<div class=\"elementor-swiper-button elementor-swiper-button-prev\" role=\"button\" tabindex=\"0\">\n\t\t\t\t\t\t<svg aria-hidden=\"true\" class=\"e-font-icon-svg e-eicon-chevron-left\" viewbox=\"0 0 1000 1000\" xmlns=\"http:\/\/www.w3.org\/2000\/svg\"><path d=\"M646 125C629 125 613 133 604 142L308 442C296 454 292 471 292 487 292 504 296 521 308 533L604 854C617 867 629 875 646 875 663 875 679 871 692 858 704 846 713 829 713 812 713 796 708 779 692 767L438 487 692 225C700 217 708 204 708 187 708 171 704 154 692 142 675 129 663 125 646 125Z\"><\/path><\/svg>\t\t\t\t\t<\/div>\n\t\t\t\t\t<div class=\"elementor-swiper-button elementor-swiper-button-next\" role=\"button\" tabindex=\"0\">\n\t\t\t\t\t\t<svg aria-hidden=\"true\" class=\"e-font-icon-svg e-eicon-chevron-right\" viewbox=\"0 0 1000 1000\" xmlns=\"http:\/\/www.w3.org\/2000\/svg\"><path d=\"M696 533C708 521 713 504 713 487 713 471 708 454 696 446L400 146C388 133 375 125 354 125 338 125 325 129 313 142 300 154 292 171 292 187 292 204 296 221 308 233L563 492 304 771C292 783 288 800 288 817 288 833 296 850 308 863 321 871 338 875 354 875 371 875 388 867 400 854L696 533Z\"><\/path><\/svg>\t\t\t\t\t<\/div>\n\t\t\t\t\n\t\t\t\t\t\t\t\t\t<div class=\"swiper-pagination\"><\/div>\n\t\t\t\t\t\t\t\t\t<\/div>\n\t\t\t\t\t\t<\/div>\n\t\t\t\t<\/div>\n\t\t\t\t\t<\/div>\n\t\t\t\t<\/div>\n\t\t<div class=\"elementor-element elementor-element-2d20521 e-con-full e-flex e-con e-parent\" data-id=\"2d20521\" data-element_type=\"container\" data-e-type=\"container\" data-settings=\"{&quot;_ha_eqh_enable&quot;:false}\">\n\t\t\t\t<div class=\"elementor-element elementor-element-cc6c364 elementor-arrows-position-inside elementor-pagination-position-outside elementor-widget elementor-widget-image-carousel\" data-id=\"cc6c364\" data-element_type=\"widget\" data-e-type=\"widget\" data-settings=\"{&quot;autoplay_speed&quot;:3500,&quot;image_spacing_custom&quot;:{&quot;unit&quot;:&quot;px&quot;,&quot;size&quot;:0,&quot;sizes&quot;:[]},&quot;navigation&quot;:&quot;both&quot;,&quot;autoplay&quot;:&quot;yes&quot;,&quot;pause_on_hover&quot;:&quot;yes&quot;,&quot;pause_on_interaction&quot;:&quot;yes&quot;,&quot;infinite&quot;:&quot;yes&quot;,&quot;speed&quot;:500,&quot;image_spacing_custom_tablet&quot;:{&quot;unit&quot;:&quot;px&quot;,&quot;size&quot;:&quot;&quot;,&quot;sizes&quot;:[]},&quot;image_spacing_custom_mobile&quot;:{&quot;unit&quot;:&quot;px&quot;,&quot;size&quot;:&quot;&quot;,&quot;sizes&quot;:[]}}\" data-widget_type=\"image-carousel.default\">\n\t\t\t\t<div class=\"elementor-widget-container\">\n\t\t\t\t\t\t\t<div class=\"elementor-image-carousel-wrapper swiper\" role=\"region\" aria-roledescription=\"carousel\" aria-label=\"Image Carousel\" dir=\"ltr\">\n\t\t\t<div class=\"elementor-image-carousel swiper-wrapper\" aria-live=\"off\">\n\t\t\t\t\t\t\t\t<div class=\"swiper-slide\" role=\"group\" aria-roledescription=\"slide\" aria-label=\"1 of 8\"><figure class=\"swiper-slide-inner\"><img decoding=\"async\" class=\"swiper-slide-image\" src=\"https:\/\/ardea-ambiente.com\/wp-content\/uploads\/2025\/03\/Sapinho-de-verrugas-verdes.jpg\" alt=\"Sapinho-de-verrugas-verdes\" \/><\/figure><\/div><div class=\"swiper-slide\" role=\"group\" aria-roledescription=\"slide\" aria-label=\"2 of 8\"><figure class=\"swiper-slide-inner\"><img decoding=\"async\" class=\"swiper-slide-image\" src=\"https:\/\/ardea-ambiente.com\/wp-content\/uploads\/2025\/04\/IMG_4797.jpg\" alt=\"IMG_4797\" \/><\/figure><\/div><div class=\"swiper-slide\" role=\"group\" aria-roledescription=\"slide\" aria-label=\"3 of 8\"><figure class=\"swiper-slide-inner\"><img decoding=\"async\" class=\"swiper-slide-image\" src=\"https:\/\/ardea-ambiente.com\/wp-content\/uploads\/2025\/04\/IMG_4063.jpg\" alt=\"IMG_4063\" \/><\/figure><\/div><div class=\"swiper-slide\" role=\"group\" aria-roledescription=\"slide\" aria-label=\"4 of 8\"><figure class=\"swiper-slide-inner\"><img decoding=\"async\" class=\"swiper-slide-image\" src=\"https:\/\/ardea-ambiente.com\/wp-content\/uploads\/2025\/04\/IMG_4951.jpg\" alt=\"IMG_4951\" \/><\/figure><\/div><div class=\"swiper-slide\" role=\"group\" aria-roledescription=\"slide\" aria-label=\"5 of 8\"><figure class=\"swiper-slide-inner\"><img decoding=\"async\" class=\"swiper-slide-image\" src=\"https:\/\/ardea-ambiente.com\/wp-content\/uploads\/2025\/04\/IMG_3241.jpg\" alt=\"IMG_3241\" \/><\/figure><\/div><div class=\"swiper-slide\" role=\"group\" aria-roledescription=\"slide\" aria-label=\"6 of 8\"><figure class=\"swiper-slide-inner\"><img decoding=\"async\" class=\"swiper-slide-image\" src=\"https:\/\/ardea-ambiente.com\/wp-content\/uploads\/2025\/04\/IMG_4017.jpg\" alt=\"IMG_4017\" \/><\/figure><\/div><div class=\"swiper-slide\" role=\"group\" aria-roledescription=\"slide\" aria-label=\"7 of 8\"><figure class=\"swiper-slide-inner\"><img decoding=\"async\" class=\"swiper-slide-image\" src=\"https:\/\/ardea-ambiente.com\/wp-content\/uploads\/2025\/04\/IMG_4588.jpg\" alt=\"IMG_4588\" \/><\/figure><\/div><div class=\"swiper-slide\" role=\"group\" aria-roledescription=\"slide\" aria-label=\"8 of 8\"><figure class=\"swiper-slide-inner\"><img decoding=\"async\" class=\"swiper-slide-image\" src=\"https:\/\/ardea-ambiente.com\/wp-content\/uploads\/2025\/03\/Licenideo.jpg\" alt=\"Licen\u00eddeo\" \/><\/figure><\/div>\t\t\t<\/div>\n\t\t\t\t\t\t\t\t\t\t\t\t<div class=\"elementor-swiper-button elementor-swiper-button-prev\" role=\"button\" tabindex=\"0\">\n\t\t\t\t\t\t<svg aria-hidden=\"true\" class=\"e-font-icon-svg e-eicon-chevron-left\" viewbox=\"0 0 1000 1000\" xmlns=\"http:\/\/www.w3.org\/2000\/svg\"><path d=\"M646 125C629 125 613 133 604 142L308 442C296 454 292 471 292 487 292 504 296 521 308 533L604 854C617 867 629 875 646 875 663 875 679 871 692 858 704 846 713 829 713 812 713 796 708 779 692 767L438 487 692 225C700 217 708 204 708 187 708 171 704 154 692 142 675 129 663 125 646 125Z\"><\/path><\/svg>\t\t\t\t\t<\/div>\n\t\t\t\t\t<div class=\"elementor-swiper-button elementor-swiper-button-next\" role=\"button\" tabindex=\"0\">\n\t\t\t\t\t\t<svg aria-hidden=\"true\" class=\"e-font-icon-svg e-eicon-chevron-right\" viewbox=\"0 0 1000 1000\" xmlns=\"http:\/\/www.w3.org\/2000\/svg\"><path d=\"M696 533C708 521 713 504 713 487 713 471 708 454 696 446L400 146C388 133 375 125 354 125 338 125 325 129 313 142 300 154 292 171 292 187 292 204 296 221 308 233L563 492 304 771C292 783 288 800 288 817 288 833 296 850 308 863 321 871 338 875 354 875 371 875 388 867 400 854L696 533Z\"><\/path><\/svg>\t\t\t\t\t<\/div>\n\t\t\t\t\n\t\t\t\t\t\t\t\t\t<div class=\"swiper-pagination\"><\/div>\n\t\t\t\t\t\t\t\t\t<\/div>\n\t\t\t\t\t\t<\/div>\n\t\t\t\t<\/div>\n\t\t\t\t<\/div>\n\t\t\t\t<\/div>","protected":false},"excerpt":{"rendered":"<p>Aquacria \u2013 Grupo SEAEIGHT Elabora\u00e7\u00e3o de consultoria ambiental corporizada em trabalhos no \u00e2mbito da Legisla\u00e7\u00e3o Ambiental, nomeadamente com realiza\u00e7\u00e3o de [&hellip;]<\/p>","protected":false},"author":1,"featured_media":0,"parent":0,"menu_order":0,"comment_status":"closed","ping_status":"closed","template":"","meta":{"site-sidebar-layout":"no-sidebar","site-content-layout":"","ast-site-content-layout":"full-width-container","site-content-style":"default","site-sidebar-style":"default","ast-global-header-display":"","ast-banner-title-visibility":"","ast-main-header-display":"","ast-hfb-above-header-display":"","ast-hfb-below-header-display":"","ast-hfb-mobile-header-display":"","site-post-title":"disabled","ast-breadcrumbs-content":"","ast-featured-img":"disabled","footer-sml-layout":"","ast-disable-related-posts":"","theme-transparent-header-meta":"","adv-header-id-meta":"","stick-header-meta":"","header-above-stick-meta":"","header-main-stick-meta":"","header-below-stick-meta":"","astra-migrate-meta-layouts":"default","ast-page-background-enabled":"default","ast-page-background-meta":{"desktop":{"background-color":"var(--ast-global-color-4)","background-image":"","background-repeat":"repeat","background-position":"center center","background-size":"auto","background-attachment":"scroll","background-type":"","background-media":"","overlay-type":"","overlay-color":"","overlay-opacity":"","overlay-gradient":""},"tablet":{"background-color":"","background-image":"","background-repeat":"repeat","background-position":"center center","background-size":"auto","background-attachment":"scroll","background-type":"","background-media":"","overlay-type":"","overlay-color":"","overlay-opacity":"","overlay-gradient":""},"mobile":{"background-color":"","background-image":"","background-repeat":"repeat","background-position":"center center","background-size":"auto","background-attachment":"scroll","background-type":"","background-media":"","overlay-type":"","overlay-color":"","overlay-opacity":"","overlay-gradient":""}},"ast-content-background-meta":{"desktop":{"background-color":"var(--ast-global-color-5)","background-image":"","background-repeat":"repeat","background-position":"center center","background-size":"auto","background-attachment":"scroll","background-type":"","background-media":"","overlay-type":"","overlay-color":"","overlay-opacity":"","overlay-gradient":""},"tablet":{"background-color":"var(--ast-global-color-5)","background-image":"","background-repeat":"repeat","background-position":"center center","background-size":"auto","background-attachment":"scroll","background-type":"","background-media":"","overlay-type":"","overlay-color":"","overlay-opacity":"","overlay-gradient":""},"mobile":{"background-color":"var(--ast-global-color-5)","background-image":"","background-repeat":"repeat","background-position":"center center","background-size":"auto","background-attachment":"scroll","background-type":"","background-media":"","overlay-type":"","overlay-color":"","overlay-opacity":"","overlay-gradient":""}},"iawp_total_views":16,"footnotes":"","_links_to":"","_links_to_target":""},"class_list":["post-2415","page","type-page","status-publish","hentry"],"yoast_head":"<!-- This site is optimized with the Yoast SEO plugin v27.4 - https:\/\/yoast.com\/product\/yoast-seo-wordpress\/ -->\n<title>Aquacria \u2013 Grupo SEAEIGHT - Ardea<\/title>\n<meta name=\"robots\" content=\"index, follow, max-snippet:-1, max-image-preview:large, max-video-preview:-1\" \/>\n<link rel=\"canonical\" href=\"https:\/\/ardea-ambiente.com\/en\/aquacria-grupo-seaeight\/\" \/>\n<meta property=\"og:locale\" content=\"en_GB\" \/>\n<meta property=\"og:type\" content=\"article\" \/>\n<meta property=\"og:title\" content=\"Aquacria \u2013 Grupo SEAEIGHT - Ardea\" \/>\n<meta property=\"og:description\" content=\"Aquacria \u2013 Grupo SEAEIGHT Elabora\u00e7\u00e3o de consultoria ambiental corporizada em trabalhos no \u00e2mbito da Legisla\u00e7\u00e3o Ambiental, nomeadamente com realiza\u00e7\u00e3o de [&hellip;]\" \/>\n<meta property=\"og:url\" content=\"https:\/\/ardea-ambiente.com\/en\/aquacria-grupo-seaeight\/\" \/>\n<meta property=\"og:site_name\" content=\"Ardea\" \/>\n<meta property=\"article:publisher\" content=\"https:\/\/www.facebook.com\/people\/Ardea-Ambiente-e-Sustentabilidade\/61574974734690\/\" \/>\n<meta property=\"article:modified_time\" content=\"2025-04-10T09:46:20+00:00\" \/>\n<meta property=\"og:image\" content=\"http:\/\/ardea-ambiente.com\/wp-content\/uploads\/2025\/04\/IMG_8382-1024x682.jpg\" \/>\n<meta name=\"twitter:card\" content=\"summary_large_image\" \/>\n<script type=\"application\/ld+json\" class=\"yoast-schema-graph\">{\"@context\":\"https:\\\/\\\/schema.org\",\"@graph\":[{\"@type\":\"WebPage\",\"@id\":\"https:\\\/\\\/ardea-ambiente.com\\\/aquacria-grupo-seaeight\\\/\",\"url\":\"https:\\\/\\\/ardea-ambiente.com\\\/aquacria-grupo-seaeight\\\/\",\"name\":\"Aquacria \u2013 Grupo SEAEIGHT - Ardea\",\"isPartOf\":{\"@id\":\"https:\\\/\\\/ardea-ambiente.com\\\/#website\"},\"primaryImageOfPage\":{\"@id\":\"https:\\\/\\\/ardea-ambiente.com\\\/aquacria-grupo-seaeight\\\/#primaryimage\"},\"image\":{\"@id\":\"https:\\\/\\\/ardea-ambiente.com\\\/aquacria-grupo-seaeight\\\/#primaryimage\"},\"thumbnailUrl\":\"http:\\\/\\\/ardea-ambiente.com\\\/wp-content\\\/uploads\\\/2025\\\/04\\\/IMG_8382-1024x682.jpg\",\"datePublished\":\"2025-04-10T09:40:19+00:00\",\"dateModified\":\"2025-04-10T09:46:20+00:00\",\"breadcrumb\":{\"@id\":\"https:\\\/\\\/ardea-ambiente.com\\\/aquacria-grupo-seaeight\\\/#breadcrumb\"},\"inLanguage\":\"en-GB\",\"potentialAction\":[{\"@type\":\"ReadAction\",\"target\":[\"https:\\\/\\\/ardea-ambiente.com\\\/aquacria-grupo-seaeight\\\/\"]}]},{\"@type\":\"ImageObject\",\"inLanguage\":\"en-GB\",\"@id\":\"https:\\\/\\\/ardea-ambiente.com\\\/aquacria-grupo-seaeight\\\/#primaryimage\",\"url\":\"http:\\\/\\\/ardea-ambiente.com\\\/wp-content\\\/uploads\\\/2025\\\/04\\\/IMG_8382-1024x682.jpg\",\"contentUrl\":\"http:\\\/\\\/ardea-ambiente.com\\\/wp-content\\\/uploads\\\/2025\\\/04\\\/IMG_8382-1024x682.jpg\"},{\"@type\":\"BreadcrumbList\",\"@id\":\"https:\\\/\\\/ardea-ambiente.com\\\/aquacria-grupo-seaeight\\\/#breadcrumb\",\"itemListElement\":[{\"@type\":\"ListItem\",\"position\":1,\"name\":\"In\u00edcio\",\"item\":\"https:\\\/\\\/ardea-ambiente.com\\\/\"},{\"@type\":\"ListItem\",\"position\":2,\"name\":\"Aquacria \u2013 Grupo SEAEIGHT\"}]},{\"@type\":\"WebSite\",\"@id\":\"https:\\\/\\\/ardea-ambiente.com\\\/#website\",\"url\":\"https:\\\/\\\/ardea-ambiente.com\\\/\",\"name\":\"Ardea - Ambiente e Sustentabilidade\",\"description\":\"Ambiente e Sustentabilidade\",\"publisher\":{\"@id\":\"https:\\\/\\\/ardea-ambiente.com\\\/#organization\"},\"potentialAction\":[{\"@type\":\"SearchAction\",\"target\":{\"@type\":\"EntryPoint\",\"urlTemplate\":\"https:\\\/\\\/ardea-ambiente.com\\\/?s={search_term_string}\"},\"query-input\":{\"@type\":\"PropertyValueSpecification\",\"valueRequired\":true,\"valueName\":\"search_term_string\"}}],\"inLanguage\":\"en-GB\"},{\"@type\":\"Organization\",\"@id\":\"https:\\\/\\\/ardea-ambiente.com\\\/#organization\",\"name\":\"Ardea - Ambiente e Sustentabilidade\",\"url\":\"https:\\\/\\\/ardea-ambiente.com\\\/\",\"logo\":{\"@type\":\"ImageObject\",\"inLanguage\":\"en-GB\",\"@id\":\"https:\\\/\\\/ardea-ambiente.com\\\/#\\\/schema\\\/logo\\\/image\\\/\",\"url\":\"http:\\\/\\\/ardea-ambiente.com\\\/wp-content\\\/uploads\\\/2025\\\/02\\\/logo_fundo_transparente.png\",\"contentUrl\":\"http:\\\/\\\/ardea-ambiente.com\\\/wp-content\\\/uploads\\\/2025\\\/02\\\/logo_fundo_transparente.png\",\"width\":4686,\"height\":3808,\"caption\":\"Ardea - Ambiente e Sustentabilidade\"},\"image\":{\"@id\":\"https:\\\/\\\/ardea-ambiente.com\\\/#\\\/schema\\\/logo\\\/image\\\/\"},\"sameAs\":[\"https:\\\/\\\/www.facebook.com\\\/people\\\/Ardea-Ambiente-e-Sustentabilidade\\\/61574974734690\\\/\",\"https:\\\/\\\/www.instagram.com\\\/ardea.ambiente\\\/\",\"https:\\\/\\\/www.linkedin.com\\\/in\\\/ardea-ambiente-e-sustentabilidade-93ba42359\\\/\"]}]}<\/script>\n<!-- \/ Yoast SEO plugin. -->","yoast_head_json":{"title":"Aquacria \u2013 Grupo SEAEIGHT - Ardea","robots":{"index":"index","follow":"follow","max-snippet":"max-snippet:-1","max-image-preview":"max-image-preview:large","max-video-preview":"max-video-preview:-1"},"canonical":"https:\/\/ardea-ambiente.com\/en\/aquacria-grupo-seaeight\/","og_locale":"en_GB","og_type":"article","og_title":"Aquacria \u2013 Grupo SEAEIGHT - Ardea","og_description":"Aquacria \u2013 Grupo SEAEIGHT Elabora\u00e7\u00e3o de consultoria ambiental corporizada em trabalhos no \u00e2mbito da Legisla\u00e7\u00e3o Ambiental, nomeadamente com realiza\u00e7\u00e3o de [&hellip;]","og_url":"https:\/\/ardea-ambiente.com\/en\/aquacria-grupo-seaeight\/","og_site_name":"Ardea","article_publisher":"https:\/\/www.facebook.com\/people\/Ardea-Ambiente-e-Sustentabilidade\/61574974734690\/","article_modified_time":"2025-04-10T09:46:20+00:00","og_image":[{"url":"http:\/\/ardea-ambiente.com\/wp-content\/uploads\/2025\/04\/IMG_8382-1024x682.jpg","type":"","width":"","height":""}],"twitter_card":"summary_large_image","schema":{"@context":"https:\/\/schema.org","@graph":[{"@type":"WebPage","@id":"https:\/\/ardea-ambiente.com\/aquacria-grupo-seaeight\/","url":"https:\/\/ardea-ambiente.com\/aquacria-grupo-seaeight\/","name":"Aquacria \u2013 Grupo SEAEIGHT - Ardea","isPartOf":{"@id":"https:\/\/ardea-ambiente.com\/#website"},"primaryImageOfPage":{"@id":"https:\/\/ardea-ambiente.com\/aquacria-grupo-seaeight\/#primaryimage"},"image":{"@id":"https:\/\/ardea-ambiente.com\/aquacria-grupo-seaeight\/#primaryimage"},"thumbnailUrl":"http:\/\/ardea-ambiente.com\/wp-content\/uploads\/2025\/04\/IMG_8382-1024x682.jpg","datePublished":"2025-04-10T09:40:19+00:00","dateModified":"2025-04-10T09:46:20+00:00","breadcrumb":{"@id":"https:\/\/ardea-ambiente.com\/aquacria-grupo-seaeight\/#breadcrumb"},"inLanguage":"en-GB","potentialAction":[{"@type":"ReadAction","target":["https:\/\/ardea-ambiente.com\/aquacria-grupo-seaeight\/"]}]},{"@type":"ImageObject","inLanguage":"en-GB","@id":"https:\/\/ardea-ambiente.com\/aquacria-grupo-seaeight\/#primaryimage","url":"http:\/\/ardea-ambiente.com\/wp-content\/uploads\/2025\/04\/IMG_8382-1024x682.jpg","contentUrl":"http:\/\/ardea-ambiente.com\/wp-content\/uploads\/2025\/04\/IMG_8382-1024x682.jpg"},{"@type":"BreadcrumbList","@id":"https:\/\/ardea-ambiente.com\/aquacria-grupo-seaeight\/#breadcrumb","itemListElement":[{"@type":"ListItem","position":1,"name":"In\u00edcio","item":"https:\/\/ardea-ambiente.com\/"},{"@type":"ListItem","position":2,"name":"Aquacria \u2013 Grupo SEAEIGHT"}]},{"@type":"WebSite","@id":"https:\/\/ardea-ambiente.com\/#website","url":"https:\/\/ardea-ambiente.com\/","name":"Ardea - Ambiente e Sustentabilidade","description":"Ambiente e Sustentabilidade","publisher":{"@id":"https:\/\/ardea-ambiente.com\/#organization"},"potentialAction":[{"@type":"SearchAction","target":{"@type":"EntryPoint","urlTemplate":"https:\/\/ardea-ambiente.com\/?s={search_term_string}"},"query-input":{"@type":"PropertyValueSpecification","valueRequired":true,"valueName":"search_term_string"}}],"inLanguage":"en-GB"},{"@type":"Organization","@id":"https:\/\/ardea-ambiente.com\/#organization","name":"Ardea - Ambiente e Sustentabilidade","url":"https:\/\/ardea-ambiente.com\/","logo":{"@type":"ImageObject","inLanguage":"en-GB","@id":"https:\/\/ardea-ambiente.com\/#\/schema\/logo\/image\/","url":"http:\/\/ardea-ambiente.com\/wp-content\/uploads\/2025\/02\/logo_fundo_transparente.png","contentUrl":"http:\/\/ardea-ambiente.com\/wp-content\/uploads\/2025\/02\/logo_fundo_transparente.png","width":4686,"height":3808,"caption":"Ardea - Ambiente e Sustentabilidade"},"image":{"@id":"https:\/\/ardea-ambiente.com\/#\/schema\/logo\/image\/"},"sameAs":["https:\/\/www.facebook.com\/people\/Ardea-Ambiente-e-Sustentabilidade\/61574974734690\/","https:\/\/www.instagram.com\/ardea.ambiente\/","https:\/\/www.linkedin.com\/in\/ardea-ambiente-e-sustentabilidade-93ba42359\/"]}]}},"_links":{"self":[{"href":"https:\/\/ardea-ambiente.com\/en\/wp-json\/wp\/v2\/pages\/2415","targetHints":{"allow":["GET"]}}],"collection":[{"href":"https:\/\/ardea-ambiente.com\/en\/wp-json\/wp\/v2\/pages"}],"about":[{"href":"https:\/\/ardea-ambiente.com\/en\/wp-json\/wp\/v2\/types\/page"}],"author":[{"embeddable":true,"href":"https:\/\/ardea-ambiente.com\/en\/wp-json\/wp\/v2\/users\/1"}],"replies":[{"embeddable":true,"href":"https:\/\/ardea-ambiente.com\/en\/wp-json\/wp\/v2\/comments?post=2415"}],"version-history":[{"count":7,"href":"https:\/\/ardea-ambiente.com\/en\/wp-json\/wp\/v2\/pages\/2415\/revisions"}],"predecessor-version":[{"id":2422,"href":"https:\/\/ardea-ambiente.com\/en\/wp-json\/wp\/v2\/pages\/2415\/revisions\/2422"}],"wp:attachment":[{"href":"https:\/\/ardea-ambiente.com\/en\/wp-json\/wp\/v2\/media?parent=2415"}],"curies":[{"name":"wp","href":"https:\/\/api.w.org\/{rel}","templated":true}]}}